{"id":883,"date":"2025-03-17T20:41:18","date_gmt":"2025-03-17T19:41:18","guid":{"rendered":"https:\/\/dev.fundacionwong.org\/?page_id=883"},"modified":"2025-06-19T19:47:16","modified_gmt":"2025-06-19T17:47:16","slug":"terminos-y-condiciones","status":"publish","type":"page","link":"https:\/\/fundacionwong.org\/en\/terminos-y-condiciones\/","title":{"rendered":"T\u00e9rminos y Condiciones"},"content":{"rendered":"<div data-elementor-type=\"wp-page\" data-elementor-id=\"883\" class=\"elementor elementor-883\" data-elementor-post-type=\"page\">\n\t\t\t\t<div class=\"elementor-element elementor-element-3027e90 e-flex e-con-boxed e-con e-parent\" data-id=\"3027e90\" data-element_type=\"container\">\n\t\t\t\t\t<div class=\"e-con-inner\">\n\t\t\t\t<div class=\"elementor-element elementor-element-d11eb89 elementor-widget elementor-widget-heading\" data-id=\"d11eb89\" data-element_type=\"widget\" data-widget_type=\"heading.default\">\n\t\t\t\t<div class=\"elementor-widget-container\">\n\t\t\t\t\t<h2 class=\"elementor-heading-title elementor-size-default\">T\u00e9rminos y Condiciones<\/h2>\t\t\t\t<\/div>\n\t\t\t\t<\/div>\n\t\t\t\t<div class=\"elementor-element elementor-element-792a0c98 elementor-widget elementor-widget-text-editor\" data-id=\"792a0c98\" data-element_type=\"widget\" data-widget_type=\"text-editor.default\">\n\t\t\t\t<div class=\"elementor-widget-container\">\n\t\t\t\t\t\t\t\t\t\n<p>\u00a0<\/p>\n\n<p class=\"has-medium-font-size\"><strong>1. Introducci\u00f3n<\/strong><\/p>\n\n<p>Bienvenido\/a a Fundaci\u00f3n Wong (en adelante, &#8220;la Fundaci\u00f3n&#8221;). Estos T\u00e9rminos y Condiciones regulan el uso de nuestra plataforma de donaciones en l\u00ednea y establecen las condiciones bajo las cuales se realizan las contribuciones a nuestra causa. Al realizar una donaci\u00f3n, usted acepta estos t\u00e9rminos en su totalidad.<\/p>\n\n<p class=\"has-medium-font-size\"><strong>2. Modalidades de Donaci\u00f3n<\/strong><\/p>\n\n<p>La Fundaci\u00f3n ofrece las siguientes opciones para donar:<\/p>\n\n<ul class=\"wp-block-list\">\n<li><strong>Donaci\u00f3n mensual:<\/strong> Contribuci\u00f3n recurrente que se realiza de manera autom\u00e1tica cada mes.<\/li>\n\n<li><strong>Donaci\u00f3n por proyecto:<\/strong> Aporte dirigido a un proyecto espec\u00edfico de la Fundaci\u00f3n.<\/li>\n\n<li><strong>Donaci\u00f3n voluntaria:<\/strong> Aporte \u00fanico y libre sin compromiso de recurrencia.<\/li>\n<\/ul>\n\n<p class=\"has-medium-font-size\"><strong>3. Registro y Datos Personales<\/strong><\/p>\n\n<p>Para realizar donaciones recurrentes, es posible que deba registrarse en nuestra plataforma y proporcionar informaci\u00f3n personal. La Fundaci\u00f3n se compromete a proteger su privacidad de acuerdo con nuestra Pol\u00edtica de Privacidad.<\/p>\n\n<p class=\"has-medium-font-size\"><strong>4. Procesamiento de Pagos<\/strong><\/p>\n\n<p>Las donaciones se procesan a trav\u00e9s de nuestra pasarela de pago segura. Al realizar una donaci\u00f3n, usted autoriza a la Fundaci\u00f3n a procesar el pago seg\u00fan la modalidad elegida.<\/p>\n\n<ul class=\"wp-block-list\">\n<li>En el caso de donaciones mensuales, el cargo se efectuar\u00e1 autom\u00e1ticamente cada mes hasta que el donante decida cancelar la suscripci\u00f3n.<\/li>\n\n<li>Para donaciones por proyecto y voluntarias, el pago se realiza de manera \u00fanica sin recurrencia.<\/li>\n<\/ul>\n\n<p class=\"has-medium-font-size\"><strong>5. Cancelaci\u00f3n y Reembolsos<\/strong><\/p>\n\n<ul class=\"wp-block-list\">\n<li><strong>Cancelaci\u00f3n de donaci\u00f3n mensual:<\/strong> Puede cancelar su donaci\u00f3n recurrente en cualquier momento a trav\u00e9s de su cuenta o contactando a la Fundaci\u00f3n.<\/li>\n\n<li><strong>Reembolsos:<\/strong> Debido a la naturaleza de las donaciones, no ofrecemos reembolsos salvo en casos excepcionales, los cuales ser\u00e1n evaluados individualmente.<\/li>\n<\/ul>\n\n<p>\u00a0<\/p>\n\n<p class=\"has-medium-font-size\"><strong>6. Uso de los Fondos<\/strong><\/p>\n\n<p>La Fundaci\u00f3n se compromete a utilizar las donaciones para los fines establecidos en su misi\u00f3n. Sin embargo, nos reservamos el derecho de reasignar fondos seg\u00fan las necesidades de la organizaci\u00f3n.<\/p>\n\n<p class=\"has-medium-font-size\"><strong>7. Responsabilidad y Exoneraci\u00f3n de Garant\u00edas<\/strong><\/p>\n\n<p>La Fundaci\u00f3n no se hace responsable por fallos en la pasarela de pago o interrupciones en el servicio que puedan afectar el procesamiento de donaciones.<\/p>\n\n<p class=\"has-medium-font-size\"><strong>8. Modificaciones a los T\u00e9rminos<\/strong><\/p>\n\n<p>La Fundaci\u00f3n se reserva el derecho de modificar estos T\u00e9rminos y Condiciones en cualquier momento. Los cambios ser\u00e1n publicados en nuestra p\u00e1gina web y entrar\u00e1n en vigencia a partir de su publicaci\u00f3n.<\/p>\n\n<p class=\"has-medium-font-size\"><strong>9. Contacto<\/strong><\/p>\n\n<p>Si tiene preguntas sobre estos T\u00e9rminos y Condiciones, puede contactarnos a trav\u00e9s de: <i><a class=\"cursor-pointer\" href=\"mailto:fundacion@favoritafc.com\" rel=\"noopener\" data-start=\"259\" data-end=\"283\">fundacion@favoritafc.com<\/a><\/i> .<\/p>\n\t\t\t\t\t\t\t\t<\/div>\n\t\t\t\t<\/div>\n\t\t\t\t<div class=\"elementor-element elementor-element-459f13a elementor-widget elementor-widget-spacer\" data-id=\"459f13a\" data-element_type=\"widget\" data-widget_type=\"spacer.default\">\n\t\t\t\t<div class=\"elementor-widget-container\">\n\t\t\t\t\t\t\t<div class=\"elementor-spacer\">\n\t\t\t<div class=\"elementor-spacer-inner\"><\/div>\n\t\t<\/div>\n\t\t\t\t\t\t<\/div>\n\t\t\t\t<\/div>\n\t\t\t\t\t<\/div>\n\t\t\t\t<\/div>\n\t\t\t\t<\/div>","protected":false},"excerpt":{"rendered":"<p>T\u00e9rminos y Condiciones \u00a0 1. Introducci\u00f3n Bienvenido\/a a Fundaci\u00f3n Wong (en adelante, &#8220;la Fundaci\u00f3n&#8221;). Estos T\u00e9rminos y Condiciones regulan el uso de nuestra plataforma de donaciones en l\u00ednea y establecen las condiciones bajo las cuales se realizan las contribuciones a nuestra causa. Al realizar una donaci\u00f3n, usted acepta estos t\u00e9rminos en su totalidad. 2. Modalidades [&hellip;]<\/p>","protected":false},"author":1,"featured_media":0,"parent":0,"menu_order":0,"comment_status":"closed","ping_status":"closed","template":"","meta":{"_acf_changed":false,"footnotes":""},"class_list":["post-883","page","type-page","status-publish","hentry"],"acf":[],"yoast_head":"<!-- This site is optimized with the Yoast SEO plugin v26.6 - https:\/\/yoast.com\/wordpress\/plugins\/seo\/ -->\r\n<title>T\u00e9rminos y Condiciones - Fundaci\u00f3n Wong<\/title>\r\n<meta name=\"robots\" content=\"index, follow, max-snippet:-1, max-image-preview:large, max-video-preview:-1\" \/>\r\n<link rel=\"canonical\" href=\"https:\/\/fundacionwong.org\/en\/terminos-y-condiciones\/\" \/>\r\n<meta property=\"og:locale\" content=\"en_US\" \/>\r\n<meta property=\"og:type\" content=\"article\" \/>\r\n<meta property=\"og:title\" content=\"T\u00e9rminos y Condiciones - Fundaci\u00f3n Wong\" \/>\r\n<meta property=\"og:description\" content=\"T\u00e9rminos y Condiciones \u00a0 1. Introducci\u00f3n Bienvenido\/a a Fundaci\u00f3n Wong (en adelante, &#8220;la Fundaci\u00f3n&#8221;). Estos T\u00e9rminos y Condiciones regulan el uso de nuestra plataforma de donaciones en l\u00ednea y establecen las condiciones bajo las cuales se realizan las contribuciones a nuestra causa. Al realizar una donaci\u00f3n, usted acepta estos t\u00e9rminos en su totalidad. 2. Modalidades [&hellip;]\" \/>\r\n<meta property=\"og:url\" content=\"https:\/\/fundacionwong.org\/en\/terminos-y-condiciones\/\" \/>\r\n<meta property=\"og:site_name\" content=\"Fundaci\u00f3n Wong\" \/>\r\n<meta property=\"article:publisher\" content=\"https:\/\/www.facebook.com\/fundacion.wong\" \/>\r\n<meta property=\"article:modified_time\" content=\"2025-06-19T17:47:16+00:00\" \/>\r\n<meta name=\"twitter:card\" content=\"summary_large_image\" \/>\r\n<meta name=\"twitter:site\" content=\"@fundacionwong\" \/>\r\n<meta name=\"twitter:label1\" content=\"Est. reading time\" \/>\n\t<meta name=\"twitter:data1\" content=\"2 minutes\" \/>\r\n<script type=\"application\/ld+json\" class=\"yoast-schema-graph\">{\"@context\":\"https:\/\/schema.org\",\"@graph\":[{\"@type\":\"WebPage\",\"@id\":\"https:\/\/fundacionwong.org\/terminos-y-condiciones\/\",\"url\":\"https:\/\/fundacionwong.org\/terminos-y-condiciones\/\",\"name\":\"T\u00e9rminos y Condiciones - Fundaci\u00f3n Wong\",\"isPartOf\":{\"@id\":\"https:\/\/fundacionwong.org\/#website\"},\"datePublished\":\"2025-03-17T19:41:18+00:00\",\"dateModified\":\"2025-06-19T17:47:16+00:00\",\"breadcrumb\":{\"@id\":\"https:\/\/fundacionwong.org\/terminos-y-condiciones\/#breadcrumb\"},\"inLanguage\":\"en-US\",\"potentialAction\":[{\"@type\":\"ReadAction\",\"target\":[\"https:\/\/fundacionwong.org\/terminos-y-condiciones\/\"]}]},{\"@type\":\"BreadcrumbList\",\"@id\":\"https:\/\/fundacionwong.org\/terminos-y-condiciones\/#breadcrumb\",\"itemListElement\":[{\"@type\":\"ListItem\",\"position\":1,\"name\":\"Portada\",\"item\":\"https:\/\/fundacionwong.org\/\"},{\"@type\":\"ListItem\",\"position\":2,\"name\":\"T\u00e9rminos y Condiciones\"}]},{\"@type\":\"WebSite\",\"@id\":\"https:\/\/fundacionwong.org\/#website\",\"url\":\"https:\/\/fundacionwong.org\/\",\"name\":\"Fundaci\u00f3n Wong\",\"description\":\"\",\"publisher\":{\"@id\":\"https:\/\/fundacionwong.org\/#organization\"},\"potentialAction\":[{\"@type\":\"SearchAction\",\"target\":{\"@type\":\"EntryPoint\",\"urlTemplate\":\"https:\/\/fundacionwong.org\/?s={search_term_string}\"},\"query-input\":{\"@type\":\"PropertyValueSpecification\",\"valueRequired\":true,\"valueName\":\"search_term_string\"}}],\"inLanguage\":\"en-US\"},{\"@type\":\"Organization\",\"@id\":\"https:\/\/fundacionwong.org\/#organization\",\"name\":\"Fundaci\u00f3n Wong\",\"url\":\"https:\/\/fundacionwong.org\/\",\"logo\":{\"@type\":\"ImageObject\",\"inLanguage\":\"en-US\",\"@id\":\"https:\/\/fundacionwong.org\/#\/schema\/logo\/image\/\",\"url\":\"https:\/\/fundacionwong.org\/wp-content\/uploads\/2025\/05\/Component-6.png\",\"contentUrl\":\"https:\/\/fundacionwong.org\/wp-content\/uploads\/2025\/05\/Component-6.png\",\"width\":492,\"height\":492,\"caption\":\"Fundaci\u00f3n Wong\"},\"image\":{\"@id\":\"https:\/\/fundacionwong.org\/#\/schema\/logo\/image\/\"},\"sameAs\":[\"https:\/\/www.facebook.com\/fundacion.wong\",\"https:\/\/x.com\/fundacionwong\",\"https:\/\/www.youtube.com\/@fundacionwong\",\"https:\/\/www.linkedin.com\/company\/fundaci-n-wong\/\"]}]}<\/script>\r\n<!-- \/ Yoast SEO plugin. -->","yoast_head_json":{"title":"T\u00e9rminos y Condiciones - Fundaci\u00f3n Wong","robots":{"index":"index","follow":"follow","max-snippet":"max-snippet:-1","max-image-preview":"max-image-preview:large","max-video-preview":"max-video-preview:-1"},"canonical":"https:\/\/fundacionwong.org\/en\/terminos-y-condiciones\/","og_locale":"en_US","og_type":"article","og_title":"T\u00e9rminos y Condiciones - Fundaci\u00f3n Wong","og_description":"T\u00e9rminos y Condiciones \u00a0 1. Introducci\u00f3n Bienvenido\/a a Fundaci\u00f3n Wong (en adelante, &#8220;la Fundaci\u00f3n&#8221;). Estos T\u00e9rminos y Condiciones regulan el uso de nuestra plataforma de donaciones en l\u00ednea y establecen las condiciones bajo las cuales se realizan las contribuciones a nuestra causa. Al realizar una donaci\u00f3n, usted acepta estos t\u00e9rminos en su totalidad. 2. Modalidades [&hellip;]","og_url":"https:\/\/fundacionwong.org\/en\/terminos-y-condiciones\/","og_site_name":"Fundaci\u00f3n Wong","article_publisher":"https:\/\/www.facebook.com\/fundacion.wong","article_modified_time":"2025-06-19T17:47:16+00:00","twitter_card":"summary_large_image","twitter_site":"@fundacionwong","twitter_misc":{"Est. reading time":"2 minutes"},"schema":{"@context":"https:\/\/schema.org","@graph":[{"@type":"WebPage","@id":"https:\/\/fundacionwong.org\/terminos-y-condiciones\/","url":"https:\/\/fundacionwong.org\/terminos-y-condiciones\/","name":"T\u00e9rminos y Condiciones - Fundaci\u00f3n Wong","isPartOf":{"@id":"https:\/\/fundacionwong.org\/#website"},"datePublished":"2025-03-17T19:41:18+00:00","dateModified":"2025-06-19T17:47:16+00:00","breadcrumb":{"@id":"https:\/\/fundacionwong.org\/terminos-y-condiciones\/#breadcrumb"},"inLanguage":"en-US","potentialAction":[{"@type":"ReadAction","target":["https:\/\/fundacionwong.org\/terminos-y-condiciones\/"]}]},{"@type":"BreadcrumbList","@id":"https:\/\/fundacionwong.org\/terminos-y-condiciones\/#breadcrumb","itemListElement":[{"@type":"ListItem","position":1,"name":"Portada","item":"https:\/\/fundacionwong.org\/"},{"@type":"ListItem","position":2,"name":"T\u00e9rminos y Condiciones"}]},{"@type":"WebSite","@id":"https:\/\/fundacionwong.org\/#website","url":"https:\/\/fundacionwong.org\/","name":"Fundaci\u00f3n Wong","description":"","publisher":{"@id":"https:\/\/fundacionwong.org\/#organization"},"potentialAction":[{"@type":"SearchAction","target":{"@type":"EntryPoint","urlTemplate":"https:\/\/fundacionwong.org\/?s={search_term_string}"},"query-input":{"@type":"PropertyValueSpecification","valueRequired":true,"valueName":"search_term_string"}}],"inLanguage":"en-US"},{"@type":"Organization","@id":"https:\/\/fundacionwong.org\/#organization","name":"Fundaci\u00f3n Wong","url":"https:\/\/fundacionwong.org\/","logo":{"@type":"ImageObject","inLanguage":"en-US","@id":"https:\/\/fundacionwong.org\/#\/schema\/logo\/image\/","url":"https:\/\/fundacionwong.org\/wp-content\/uploads\/2025\/05\/Component-6.png","contentUrl":"https:\/\/fundacionwong.org\/wp-content\/uploads\/2025\/05\/Component-6.png","width":492,"height":492,"caption":"Fundaci\u00f3n Wong"},"image":{"@id":"https:\/\/fundacionwong.org\/#\/schema\/logo\/image\/"},"sameAs":["https:\/\/www.facebook.com\/fundacion.wong","https:\/\/x.com\/fundacionwong","https:\/\/www.youtube.com\/@fundacionwong","https:\/\/www.linkedin.com\/company\/fundaci-n-wong\/"]}]}},"_links":{"self":[{"href":"https:\/\/fundacionwong.org\/en\/wp-json\/wp\/v2\/pages\/883","targetHints":{"allow":["GET"]}}],"collection":[{"href":"https:\/\/fundacionwong.org\/en\/wp-json\/wp\/v2\/pages"}],"about":[{"href":"https:\/\/fundacionwong.org\/en\/wp-json\/wp\/v2\/types\/page"}],"author":[{"embeddable":true,"href":"https:\/\/fundacionwong.org\/en\/wp-json\/wp\/v2\/users\/1"}],"replies":[{"embeddable":true,"href":"https:\/\/fundacionwong.org\/en\/wp-json\/wp\/v2\/comments?post=883"}],"version-history":[{"count":6,"href":"https:\/\/fundacionwong.org\/en\/wp-json\/wp\/v2\/pages\/883\/revisions"}],"predecessor-version":[{"id":3091,"href":"https:\/\/fundacionwong.org\/en\/wp-json\/wp\/v2\/pages\/883\/revisions\/3091"}],"wp:attachment":[{"href":"https:\/\/fundacionwong.org\/en\/wp-json\/wp\/v2\/media?parent=883"}],"curies":[{"name":"wp","href":"https:\/\/api.w.org\/{rel}","templated":true}]}}