{"id":3,"date":"2025-01-14T20:42:20","date_gmt":"2025-01-14T19:42:20","guid":{"rendered":"http:\/\/localhost\/wong\/?page_id=3"},"modified":"2025-06-19T19:31:26","modified_gmt":"2025-06-19T17:31:26","slug":"politica-privacidad","status":"publish","type":"page","link":"https:\/\/fundacionwong.org\/en\/politica-privacidad\/","title":{"rendered":"Pol\u00edtica de privacidad"},"content":{"rendered":"<div data-elementor-type=\"wp-page\" data-elementor-id=\"3\" class=\"elementor elementor-3\" data-elementor-post-type=\"page\">\n\t\t\t\t<div class=\"elementor-element elementor-element-6d8fc382 e-flex e-con-boxed e-con e-parent\" data-id=\"6d8fc382\" data-element_type=\"container\">\n\t\t\t\t\t<div class=\"e-con-inner\">\n\t\t\t\t<div class=\"elementor-element elementor-element-fb6a7c3 elementor-widget elementor-widget-heading\" data-id=\"fb6a7c3\" data-element_type=\"widget\" data-widget_type=\"heading.default\">\n\t\t\t\t<div class=\"elementor-widget-container\">\n\t\t\t\t\t<h2 class=\"elementor-heading-title elementor-size-default\">Pol\u00edtica de Privacidad <\/h2>\t\t\t\t<\/div>\n\t\t\t\t<\/div>\n\t\t\t\t<div class=\"elementor-element elementor-element-00e30ea elementor-widget elementor-widget-text-editor\" data-id=\"00e30ea\" data-element_type=\"widget\" data-widget_type=\"text-editor.default\">\n\t\t\t\t<div class=\"elementor-widget-container\">\n\t\t\t\t\t\t\t\t\tLa presente Pol\u00edtica de Privacidad tiene como prop\u00f3sito principal informar a nuestros donantes, colaboradores y proveedores que Fundaci\u00f3n Wong (en adelante, LA FUNDACI\u00d3N) cumple cada una de las disposiciones contenidas en la Ley Org\u00e1nica de Protecci\u00f3n de Datos Personales \u2013 (Quinto Suplemento del Registro Oficial 459, 26-V-2021), su Reglamento y normas complementarias.\t\t\t\t\t\t\t\t<\/div>\n\t\t\t\t<\/div>\n\t\t\t\t<div class=\"elementor-element elementor-element-aa64f5a elementor-widget elementor-widget-text-editor\" data-id=\"aa64f5a\" data-element_type=\"widget\" data-widget_type=\"text-editor.default\">\n\t\t\t\t<div class=\"elementor-widget-container\">\n\t\t\t\t\t\t\t\t\t<p>I. FINALIDAD DE LOS DATOS PERSONALES SOLICITADOS<\/p>\t\t\t\t\t\t\t\t<\/div>\n\t\t\t\t<\/div>\n\t\t\t\t<div class=\"elementor-element elementor-element-fa79ae5 elementor-widget elementor-widget-text-editor\" data-id=\"fa79ae5\" data-element_type=\"widget\" data-widget_type=\"text-editor.default\">\n\t\t\t\t<div class=\"elementor-widget-container\">\n\t\t\t\t\t\t\t\t\t<p>LA FUNDACI\u00d3N podr\u00e1 solicitar a sus donantes, colaboradores, trabajadores, postulantes, voluntarios y, en general, a los titulares de datos personales su informaci\u00f3n con las siguientes finalidades:<\/p>\n<ul>\n<li>Ejecutar procesos internos para evaluaci\u00f3n, calificaci\u00f3n y registro como donante, proveedor o colaborador.<\/li>\n<li>Validar sus datos fiscales y bancarios, as\u00ed como contactar a las referencias que nos haya indicado, para corroborar la informaci\u00f3n proporcionada.<\/li>\n<li>Generar reportes estad\u00edsticos, enviar comunicaciones, promociones e informaci\u00f3n que LA FUNDACI\u00d3N considere conveniente comunicar al titular.<\/li>\n<li>Registrar su informaci\u00f3n en nuestros sistemas.<\/li>\n<li>Contacto y comunicaciones entre las partes.<\/li>\n<li>Cualquier otra actividad que LA FUNDACI\u00d3N considere necesaria previa comunicaci\u00f3n al titular.<\/li>\n<\/ul>\n<br>\n<p>Queda expresamente establecido que LA FUNDACI\u00d3N reconoce el derecho de los Titulares de los Datos Personales a manifestar su negativa respecto al uso y tratamiento de sus datos personales, cuando consideren que la informaci\u00f3n proporcionada no cumple ninguna de las funciones anteriormente descritas, o si los datos brindados no son necesarios para el establecimiento de una relaci\u00f3n con la Fundaci\u00f3n.<\/p>\t\t\t\t\t\t\t\t<\/div>\n\t\t\t\t<\/div>\n\t\t\t\t<div class=\"elementor-element elementor-element-fbd5a0c elementor-widget elementor-widget-text-editor\" data-id=\"fbd5a0c\" data-element_type=\"widget\" data-widget_type=\"text-editor.default\">\n\t\t\t\t<div class=\"elementor-widget-container\">\n\t\t\t\t\t\t\t\t\t<p><span style=\"font-size: 22px; font-weight: bold;\">II. OBTENCI\u00d3N Y TRATAMIENTO DE LOS DATOS PERSONALES<\/span><br \/>LA FUNDACI\u00d3N podr\u00e1 obtener informaci\u00f3n sobre el Titular de los Datos Personales por cualquier medio permitido por la Ley. El Titular, mediante el ingreso de sus datos en el sitio web de donaciones, aplicativos, formularios electr\u00f3nicos o entrega presencial, autoriza expresamente a LA FUNDACI\u00d3N a tratar dicha informaci\u00f3n conforme a lo dispuesto en la Ley Org\u00e1nica de Protecci\u00f3n de Datos Personales.<\/p>\n<p>LA FUNDACI\u00d3N es responsable de guardar la informaci\u00f3n con absoluta reserva y confidencialidad, comprometi\u00e9ndose a adoptar todas las medidas necesarias para evitar la alteraci\u00f3n, uso, p\u00e9rdida y acceso por terceros no autorizados.<\/p>\n<p><span style=\"font-size: 22px; font-weight: bold;\">III. EJERCICIO DE LOS DERECHOS DE ACCESO, RECTIFICACI\u00d3N, CANCELACI\u00d3N U OPOSICI\u00d3N<\/span><br \/>El Titular de los Datos Personales tiene derecho a acceder, rectificar, cancelar u oponerse al uso de sus datos conforme a la Ley. Para ejercer estos derechos, puede dirigir su solicitud a la siguiente direcci\u00f3n electr\u00f3nica: datospersonales@fundacionwong.org.<\/p>\n<p><span style=\"font-size: 22px; font-weight: bold;\">IV. SUSPENSI\u00d3N DE TRATAMIENTO (REVOCACI\u00d3N DE CONSENTIMIENTO)<\/span><br \/>El titular podr\u00e1 revocar su consentimiento para el tratamiento de sus datos personales en cualquier momento, comunic\u00e1ndolo a LA FUNDACI\u00d3N. La revocaci\u00f3n no tendr\u00e1 efectos retroactivos.<\/p>\n<p><span style=\"font-size: 22px; font-weight: bold;\">V. PROCEDIMIENTO PARA EL EJERCICIO DE LOS DERECHOS<\/span><br \/>La solicitud para ejercer derechos deber\u00e1 incluir: copia de c\u00e9dula, datos del representante (si aplica), petici\u00f3n concreta, direcci\u00f3n para notificaciones, fecha, firma y documentos de respaldo. La informaci\u00f3n podr\u00e1 entregarse en formato f\u00edsico, electr\u00f3nico o cualquier medio id\u00f3neo.<\/p>\n<p><span style=\"font-size: 22px; font-weight: bold;\">VI. TRANSFERENCIA DE DATOS PERSONALES<\/span><br \/>LA FUNDACI\u00d3N podr\u00e1 transferir datos a proveedores u otras entidades, nacionales o internacionales, necesarias para brindar sus servicios de donaci\u00f3n y gesti\u00f3n.<\/p>\n<p><span style=\"font-size: 22px; font-weight: bold;\">VII. CONSENTIMIENTO PARA TRANSFERENCIA<\/span><br \/>El Titular autoriza a LA FUNDACI\u00d3N a realizar estas transferencias conforme a esta Pol\u00edtica de Privacidad.<\/p>\n<p><span style=\"font-size: 22px; font-weight: bold;\">VIII. TIEMPO DE ALMACENAMIENTO<\/span><br \/>Los datos ser\u00e1n almacenados indefinidamente, salvo solicitud de cancelaci\u00f3n por parte del titular.<\/p>\n<p><span style=\"font-size: 22px; font-weight: bold;\">IX. COOKIES Y REDES SOCIALES<\/span><br \/>El uso del sitio web de LA FUNDACI\u00d3N implica la aceptaci\u00f3n del uso de cookies. Las redes sociales utilizadas por LA FUNDACI\u00d3N son externas y no est\u00e1n bajo su control, por lo que la informaci\u00f3n all\u00ed compartida no est\u00e1 protegida por esta pol\u00edtica.<\/p>\n<p><span style=\"font-size: 22px; font-weight: bold;\">X. COMUNICACIONES<\/span><br \/>Cualquier modificaci\u00f3n a esta Pol\u00edtica ser\u00e1 notificada al titular por los medios disponibles.<\/p>\n<p>\u00daltima Actualizaci\u00f3n: 5 de mayo de 2023<\/p>\t\t\t\t\t\t\t\t<\/div>\n\t\t\t\t<\/div>\n\t\t\t\t<div class=\"elementor-element elementor-element-9759829 elementor-widget elementor-widget-spacer\" data-id=\"9759829\" data-element_type=\"widget\" data-widget_type=\"spacer.default\">\n\t\t\t\t<div class=\"elementor-widget-container\">\n\t\t\t\t\t\t\t<div class=\"elementor-spacer\">\n\t\t\t<div class=\"elementor-spacer-inner\"><\/div>\n\t\t<\/div>\n\t\t\t\t\t\t<\/div>\n\t\t\t\t<\/div>\n\t\t\t\t\t<\/div>\n\t\t\t\t<\/div>\n\t\t\t\t<\/div>","protected":false},"excerpt":{"rendered":"<p>Pol\u00edtica de Privacidad La presente Pol\u00edtica de Privacidad tiene como prop\u00f3sito principal informar a nuestros donantes, colaboradores y proveedores que Fundaci\u00f3n Wong (en adelante, LA FUNDACI\u00d3N) cumple cada una de las disposiciones contenidas en la Ley Org\u00e1nica de Protecci\u00f3n de Datos Personales \u2013 (Quinto Suplemento del Registro Oficial 459, 26-V-2021), su Reglamento y normas complementarias. [&hellip;]<\/p>","protected":false},"author":1,"featured_media":0,"parent":0,"menu_order":0,"comment_status":"closed","ping_status":"closed","template":"","meta":{"_acf_changed":false,"footnotes":""},"class_list":["post-3","page","type-page","status-publish","hentry"],"acf":[],"yoast_head":"<!-- This site is optimized with the Yoast SEO plugin v26.6 - https:\/\/yoast.com\/wordpress\/plugins\/seo\/ -->\r\n<title>Pol\u00edtica de privacidad - Fundaci\u00f3n Wong<\/title>\r\n<meta name=\"robots\" content=\"index, follow, max-snippet:-1, max-image-preview:large, max-video-preview:-1\" \/>\r\n<link rel=\"canonical\" href=\"https:\/\/fundacionwong.org\/en\/politica-privacidad\/\" \/>\r\n<meta property=\"og:locale\" content=\"en_US\" \/>\r\n<meta property=\"og:type\" content=\"article\" \/>\r\n<meta property=\"og:title\" content=\"Pol\u00edtica de privacidad - Fundaci\u00f3n Wong\" \/>\r\n<meta property=\"og:description\" content=\"Pol\u00edtica de Privacidad La presente Pol\u00edtica de Privacidad tiene como prop\u00f3sito principal informar a nuestros donantes, colaboradores y proveedores que Fundaci\u00f3n Wong (en adelante, LA FUNDACI\u00d3N) cumple cada una de las disposiciones contenidas en la Ley Org\u00e1nica de Protecci\u00f3n de Datos Personales \u2013 (Quinto Suplemento del Registro Oficial 459, 26-V-2021), su Reglamento y normas complementarias. [&hellip;]\" \/>\r\n<meta property=\"og:url\" content=\"https:\/\/fundacionwong.org\/en\/politica-privacidad\/\" \/>\r\n<meta property=\"og:site_name\" content=\"Fundaci\u00f3n Wong\" \/>\r\n<meta property=\"article:publisher\" content=\"https:\/\/www.facebook.com\/fundacion.wong\" \/>\r\n<meta property=\"article:modified_time\" content=\"2025-06-19T17:31:26+00:00\" \/>\r\n<meta name=\"twitter:card\" content=\"summary_large_image\" \/>\r\n<meta name=\"twitter:site\" content=\"@fundacionwong\" \/>\r\n<meta name=\"twitter:label1\" content=\"Est. reading time\" \/>\n\t<meta name=\"twitter:data1\" content=\"3 minutes\" \/>\r\n<script type=\"application\/ld+json\" class=\"yoast-schema-graph\">{\"@context\":\"https:\/\/schema.org\",\"@graph\":[{\"@type\":\"WebPage\",\"@id\":\"https:\/\/fundacionwong.org\/politica-privacidad\/\",\"url\":\"https:\/\/fundacionwong.org\/politica-privacidad\/\",\"name\":\"Pol\u00edtica de privacidad - Fundaci\u00f3n Wong\",\"isPartOf\":{\"@id\":\"https:\/\/fundacionwong.org\/#website\"},\"datePublished\":\"2025-01-14T19:42:20+00:00\",\"dateModified\":\"2025-06-19T17:31:26+00:00\",\"breadcrumb\":{\"@id\":\"https:\/\/fundacionwong.org\/politica-privacidad\/#breadcrumb\"},\"inLanguage\":\"en-US\",\"potentialAction\":[{\"@type\":\"ReadAction\",\"target\":[\"https:\/\/fundacionwong.org\/politica-privacidad\/\"]}]},{\"@type\":\"BreadcrumbList\",\"@id\":\"https:\/\/fundacionwong.org\/politica-privacidad\/#breadcrumb\",\"itemListElement\":[{\"@type\":\"ListItem\",\"position\":1,\"name\":\"Portada\",\"item\":\"https:\/\/fundacionwong.org\/\"},{\"@type\":\"ListItem\",\"position\":2,\"name\":\"Pol\u00edtica de privacidad\"}]},{\"@type\":\"WebSite\",\"@id\":\"https:\/\/fundacionwong.org\/#website\",\"url\":\"https:\/\/fundacionwong.org\/\",\"name\":\"Fundaci\u00f3n Wong\",\"description\":\"\",\"publisher\":{\"@id\":\"https:\/\/fundacionwong.org\/#organization\"},\"potentialAction\":[{\"@type\":\"SearchAction\",\"target\":{\"@type\":\"EntryPoint\",\"urlTemplate\":\"https:\/\/fundacionwong.org\/?s={search_term_string}\"},\"query-input\":{\"@type\":\"PropertyValueSpecification\",\"valueRequired\":true,\"valueName\":\"search_term_string\"}}],\"inLanguage\":\"en-US\"},{\"@type\":\"Organization\",\"@id\":\"https:\/\/fundacionwong.org\/#organization\",\"name\":\"Fundaci\u00f3n Wong\",\"url\":\"https:\/\/fundacionwong.org\/\",\"logo\":{\"@type\":\"ImageObject\",\"inLanguage\":\"en-US\",\"@id\":\"https:\/\/fundacionwong.org\/#\/schema\/logo\/image\/\",\"url\":\"https:\/\/fundacionwong.org\/wp-content\/uploads\/2025\/05\/Component-6.png\",\"contentUrl\":\"https:\/\/fundacionwong.org\/wp-content\/uploads\/2025\/05\/Component-6.png\",\"width\":492,\"height\":492,\"caption\":\"Fundaci\u00f3n Wong\"},\"image\":{\"@id\":\"https:\/\/fundacionwong.org\/#\/schema\/logo\/image\/\"},\"sameAs\":[\"https:\/\/www.facebook.com\/fundacion.wong\",\"https:\/\/x.com\/fundacionwong\",\"https:\/\/www.youtube.com\/@fundacionwong\",\"https:\/\/www.linkedin.com\/company\/fundaci-n-wong\/\"]}]}<\/script>\r\n<!-- \/ Yoast SEO plugin. -->","yoast_head_json":{"title":"Pol\u00edtica de privacidad - Fundaci\u00f3n Wong","robots":{"index":"index","follow":"follow","max-snippet":"max-snippet:-1","max-image-preview":"max-image-preview:large","max-video-preview":"max-video-preview:-1"},"canonical":"https:\/\/fundacionwong.org\/en\/politica-privacidad\/","og_locale":"en_US","og_type":"article","og_title":"Pol\u00edtica de privacidad - Fundaci\u00f3n Wong","og_description":"Pol\u00edtica de Privacidad La presente Pol\u00edtica de Privacidad tiene como prop\u00f3sito principal informar a nuestros donantes, colaboradores y proveedores que Fundaci\u00f3n Wong (en adelante, LA FUNDACI\u00d3N) cumple cada una de las disposiciones contenidas en la Ley Org\u00e1nica de Protecci\u00f3n de Datos Personales \u2013 (Quinto Suplemento del Registro Oficial 459, 26-V-2021), su Reglamento y normas complementarias. [&hellip;]","og_url":"https:\/\/fundacionwong.org\/en\/politica-privacidad\/","og_site_name":"Fundaci\u00f3n Wong","article_publisher":"https:\/\/www.facebook.com\/fundacion.wong","article_modified_time":"2025-06-19T17:31:26+00:00","twitter_card":"summary_large_image","twitter_site":"@fundacionwong","twitter_misc":{"Est. reading time":"3 minutes"},"schema":{"@context":"https:\/\/schema.org","@graph":[{"@type":"WebPage","@id":"https:\/\/fundacionwong.org\/politica-privacidad\/","url":"https:\/\/fundacionwong.org\/politica-privacidad\/","name":"Pol\u00edtica de privacidad - Fundaci\u00f3n Wong","isPartOf":{"@id":"https:\/\/fundacionwong.org\/#website"},"datePublished":"2025-01-14T19:42:20+00:00","dateModified":"2025-06-19T17:31:26+00:00","breadcrumb":{"@id":"https:\/\/fundacionwong.org\/politica-privacidad\/#breadcrumb"},"inLanguage":"en-US","potentialAction":[{"@type":"ReadAction","target":["https:\/\/fundacionwong.org\/politica-privacidad\/"]}]},{"@type":"BreadcrumbList","@id":"https:\/\/fundacionwong.org\/politica-privacidad\/#breadcrumb","itemListElement":[{"@type":"ListItem","position":1,"name":"Portada","item":"https:\/\/fundacionwong.org\/"},{"@type":"ListItem","position":2,"name":"Pol\u00edtica de privacidad"}]},{"@type":"WebSite","@id":"https:\/\/fundacionwong.org\/#website","url":"https:\/\/fundacionwong.org\/","name":"Fundaci\u00f3n Wong","description":"","publisher":{"@id":"https:\/\/fundacionwong.org\/#organization"},"potentialAction":[{"@type":"SearchAction","target":{"@type":"EntryPoint","urlTemplate":"https:\/\/fundacionwong.org\/?s={search_term_string}"},"query-input":{"@type":"PropertyValueSpecification","valueRequired":true,"valueName":"search_term_string"}}],"inLanguage":"en-US"},{"@type":"Organization","@id":"https:\/\/fundacionwong.org\/#organization","name":"Fundaci\u00f3n Wong","url":"https:\/\/fundacionwong.org\/","logo":{"@type":"ImageObject","inLanguage":"en-US","@id":"https:\/\/fundacionwong.org\/#\/schema\/logo\/image\/","url":"https:\/\/fundacionwong.org\/wp-content\/uploads\/2025\/05\/Component-6.png","contentUrl":"https:\/\/fundacionwong.org\/wp-content\/uploads\/2025\/05\/Component-6.png","width":492,"height":492,"caption":"Fundaci\u00f3n Wong"},"image":{"@id":"https:\/\/fundacionwong.org\/#\/schema\/logo\/image\/"},"sameAs":["https:\/\/www.facebook.com\/fundacion.wong","https:\/\/x.com\/fundacionwong","https:\/\/www.youtube.com\/@fundacionwong","https:\/\/www.linkedin.com\/company\/fundaci-n-wong\/"]}]}},"_links":{"self":[{"href":"https:\/\/fundacionwong.org\/en\/wp-json\/wp\/v2\/pages\/3","targetHints":{"allow":["GET"]}}],"collection":[{"href":"https:\/\/fundacionwong.org\/en\/wp-json\/wp\/v2\/pages"}],"about":[{"href":"https:\/\/fundacionwong.org\/en\/wp-json\/wp\/v2\/types\/page"}],"author":[{"embeddable":true,"href":"https:\/\/fundacionwong.org\/en\/wp-json\/wp\/v2\/users\/1"}],"replies":[{"embeddable":true,"href":"https:\/\/fundacionwong.org\/en\/wp-json\/wp\/v2\/comments?post=3"}],"version-history":[{"count":10,"href":"https:\/\/fundacionwong.org\/en\/wp-json\/wp\/v2\/pages\/3\/revisions"}],"predecessor-version":[{"id":3083,"href":"https:\/\/fundacionwong.org\/en\/wp-json\/wp\/v2\/pages\/3\/revisions\/3083"}],"wp:attachment":[{"href":"https:\/\/fundacionwong.org\/en\/wp-json\/wp\/v2\/media?parent=3"}],"curies":[{"name":"wp","href":"https:\/\/api.w.org\/{rel}","templated":true}]}}