{"id":125,"date":"2025-01-14T22:47:48","date_gmt":"2025-01-14T21:47:48","guid":{"rendered":"http:\/\/localhost\/wong\/?page_id=125"},"modified":"2025-10-04T23:33:52","modified_gmt":"2025-10-05T04:33:52","slug":"contactanos","status":"publish","type":"page","link":"https:\/\/fundacionwong.org\/en\/contactanos\/","title":{"rendered":"Cont\u00e1ctanos"},"content":{"rendered":"<div data-elementor-type=\"wp-page\" data-elementor-id=\"125\" class=\"elementor elementor-125\" data-elementor-post-type=\"page\">\n\t\t\t\t<div class=\"elementor-element elementor-element-59e2026 e-con-full e-flex e-con e-parent\" data-id=\"59e2026\" data-element_type=\"container\" data-settings=\"{&quot;background_background&quot;:&quot;classic&quot;}\">\n\t\t<div class=\"elementor-element elementor-element-ac9800b e-con-full e-flex e-con e-child\" data-id=\"ac9800b\" data-element_type=\"container\">\n\t\t<div class=\"elementor-element elementor-element-5d2d605 e-con-full form-container e-flex e-con e-child\" data-id=\"5d2d605\" data-element_type=\"container\" data-settings=\"{&quot;background_background&quot;:&quot;classic&quot;}\">\n\t\t\t\t<div class=\"elementor-element elementor-element-88fdcee elementor-widget elementor-widget-heading\" data-id=\"88fdcee\" data-element_type=\"widget\" data-widget_type=\"heading.default\">\n\t\t\t\t<div class=\"elementor-widget-container\">\n\t\t\t\t\t<h1 class=\"elementor-heading-title elementor-size-default\">Cont\u00e1ctanos<\/h1>\t\t\t\t<\/div>\n\t\t\t\t<\/div>\n\t\t\t\t<div class=\"elementor-element elementor-element-824d9c7 elementor-widget elementor-widget-text-editor\" data-id=\"824d9c7\" data-element_type=\"widget\" data-widget_type=\"text-editor.default\">\n\t\t\t\t<div class=\"elementor-widget-container\">\n\t\t\t\t\t\t\t\t\t<p>\u00bfTienes una consulta, propuesta o mensaje?<\/p>\t\t\t\t\t\t\t\t<\/div>\n\t\t\t\t<\/div>\n\t\t\t\t<div class=\"elementor-element elementor-element-0d5338e elementor-widget elementor-widget-text-editor\" data-id=\"0d5338e\" data-element_type=\"widget\" data-widget_type=\"text-editor.default\">\n\t\t\t\t<div class=\"elementor-widget-container\">\n\t\t\t\t\t\t\t\t\t<p>Escr\u00edbenos a trav\u00e9s del siguiente formulario y nos pondremos en contacto contigo lo antes posible. Tambi\u00e9n puedes escribirnos a nuestro correo: <a href=\"mailto:contacto@fundacionwong.org\">contacto@fundacionwong.org<\/a><b><i>.<\/i><\/b><\/p>\t\t\t\t\t\t\t\t<\/div>\n\t\t\t\t<\/div>\n\t\t<div class=\"elementor-element elementor-element-3e27221 e-con-full e-flex e-con e-child\" data-id=\"3e27221\" data-element_type=\"container\">\n\t\t\t\t<div class=\"elementor-element elementor-element-26c4dd6 elementor-widget elementor-widget-shortcode\" data-id=\"26c4dd6\" data-element_type=\"widget\" data-widget_type=\"shortcode.default\">\n\t\t\t\t<div class=\"elementor-widget-container\">\n\t\t\t\t\t\t\t<div class=\"elementor-shortcode\">\n<div class=\"wpcf7 no-js\" id=\"wpcf7-f310-o1\" lang=\"es-ES\" dir=\"ltr\" data-wpcf7-id=\"310\">\n<div class=\"screen-reader-response\"><p role=\"status\" aria-live=\"polite\" aria-atomic=\"true\"><\/p> <ul><\/ul><\/div>\n<form action=\"\/en\/wp-json\/wp\/v2\/pages\/125#wpcf7-f310-o1\" method=\"post\" class=\"wpcf7-form init\" aria-label=\"Formulario de contacto\" novalidate=\"novalidate\" data-status=\"init\" data-trp-original-action=\"\/en\/wp-json\/wp\/v2\/pages\/125#wpcf7-f310-o1\">\n<fieldset class=\"hidden-fields-container\"><input type=\"hidden\" name=\"_wpcf7\" value=\"310\" \/><input type=\"hidden\" name=\"_wpcf7_version\" value=\"6.1.3\" \/><input type=\"hidden\" name=\"_wpcf7_locale\" value=\"es_ES\" \/><input type=\"hidden\" name=\"_wpcf7_unit_tag\" value=\"wpcf7-f310-o1\" \/><input type=\"hidden\" name=\"_wpcf7_container_post\" value=\"0\" \/><input type=\"hidden\" name=\"_wpcf7_posted_data_hash\" value=\"\" \/><input type=\"hidden\" name=\"_wpcf7_recaptcha_response\" value=\"\" \/>\n<\/fieldset>\n<div class=\"form-contacto\">\n\t<p><label> Nombre y Apellidos<br \/>\n<span class=\"wpcf7-form-control-wrap\" data-name=\"your-name\"><input size=\"40\" maxlength=\"400\" class=\"wpcf7-form-control wpcf7-text wpcf7-validates-as-required\" autocomplete=\"name\" aria-required=\"true\" aria-invalid=\"false\" placeholder=\"Ingrese un nombre y sus dos apellidos..\" value=\"\" type=\"text\" name=\"your-name\" \/><\/span> <\/label>\n\t<\/p>\n\t<p><label> Correo<br \/>\n<span class=\"wpcf7-form-control-wrap\" data-name=\"your-email\"><input size=\"40\" maxlength=\"400\" class=\"wpcf7-form-control wpcf7-email wpcf7-validates-as-required wpcf7-text wpcf7-validates-as-email\" autocomplete=\"email\" aria-required=\"true\" aria-invalid=\"false\" placeholder=\"Ingrese un correo de contacto..\" value=\"\" type=\"email\" name=\"your-email\" \/><\/span> <\/label>\n\t<\/p>\n\t<p><label> Mensaje<br \/>\n<span class=\"wpcf7-form-control-wrap\" data-name=\"your-message\"><textarea cols=\"40\" rows=\"10\" maxlength=\"2000\" class=\"wpcf7-form-control wpcf7-textarea\" aria-invalid=\"false\" placeholder=\"Ingrese un mensaje..\" name=\"your-message\"><\/textarea><\/span> <\/label>\n\t<\/p>\n\t<p><label class=\"wpcf7-list-item\"><br \/>\n<span class=\"wpcf7-form-control-wrap\" data-name=\"acceptance-816\"><span class=\"wpcf7-form-control wpcf7-acceptance optional\"><span class=\"wpcf7-list-item\"><label><input type=\"checkbox\" name=\"acceptance-816\" value=\"1\" aria-invalid=\"false\" \/><span class=\"wpcf7-list-item-label\"><span class=\"wpcf7-list-item-label tyc_contactanos\">\n    Autorizo y doy mi consentimiento voluntario a la FUNDACION WONG\n    <a href=\"javascript:void(0);\" id=\"read-more-toggle\" onclick=\"toggleMoreText()\"> Leer m\u00e1s<\/a>\n    <span id=\"more-text\" style=\"display:none;\">\n      &nbsp;para el tratamiento de mis datos personales, que incluye la portabilidad y comunicaci\u00f3n de estos en caso de as\u00ed requerirlo para el cumplimiento del objeto del tratamiento. FUNDACION WONG deja constancia de que, al darnos el consentimiento para el tratamiento de sus datos personales, ser\u00e1 \u00fanicamente de almacenamiento en nuestra base de datos de donantes y patrocinadores, as\u00ed como tambi\u00e9n el tiempo de conservaci\u00f3n de sus datos personales se mantendr\u00e1n durante el tiempo no mayor al necesario para cumplir con la finalidad de su tratamiento, el titular de los datos tiene el derecho a revocar dicho consentimiento en cualquier momento sin necesidad de explicaci\u00f3n o justificaci\u00f3n alguna conforme a nuestra pol\u00edtica corporativa de Protecci\u00f3n de Datos Personales, la ley y normativa conexa. <a href=\"\/en\/tc-y-politicas-de-privacidad\/\" target=\"_blank\">t\u00e9rminos y condiciones<\/a>.<a href=\"javascript:void(0);\" id=\"read-less-toggle\" onclick=\"toggleMoreText()\"> Leer menos<\/a>\n    <\/span>\n  <\/span>\n<\/label><\/span><\/label><\/span><\/span><\/span><br \/>\n<\/label>\n\t<\/p>\n\t<div class=\"text-center\">\n\t\t<p><input class=\"wpcf7-form-control wpcf7-submit has-spinner\" type=\"submit\" value=\"Enviar\" \/>\n\t\t<\/p>\n\t<\/div>\n<\/div><div class=\"wpcf7-response-output\" aria-hidden=\"true\"><\/div>\n<input type=\"hidden\" name=\"trp-form-language\" value=\"en\"\/><\/form>\n<\/div>\n<\/div>\n\t\t\t\t\t\t<\/div>\n\t\t\t\t<\/div>\n\t\t\t\t<\/div>\n\t\t\t\t<\/div>\n\t\t\t\t<\/div>\n\t\t<div class=\"elementor-element elementor-element-19b786f e-con-full e-flex e-con e-child\" data-id=\"19b786f\" data-element_type=\"container\">\n\t\t\t\t<div class=\"elementor-element elementor-element-8b44cda e-transform elementor-widget elementor-widget-image\" data-id=\"8b44cda\" data-element_type=\"widget\" data-settings=\"{&quot;_transform_translateY_effect&quot;:{&quot;unit&quot;:&quot;rem&quot;,&quot;size&quot;:-5,&quot;sizes&quot;:[]},&quot;_transform_translateY_effect_tablet&quot;:{&quot;unit&quot;:&quot;rem&quot;,&quot;size&quot;:&quot;&quot;,&quot;sizes&quot;:[]},&quot;_transform_translateY_effect_mobile&quot;:{&quot;unit&quot;:&quot;rem&quot;,&quot;size&quot;:&quot;&quot;,&quot;sizes&quot;:[]},&quot;_transform_translateX_effect&quot;:{&quot;unit&quot;:&quot;px&quot;,&quot;size&quot;:&quot;&quot;,&quot;sizes&quot;:[]},&quot;_transform_translateX_effect_tablet&quot;:{&quot;unit&quot;:&quot;px&quot;,&quot;size&quot;:&quot;&quot;,&quot;sizes&quot;:[]},&quot;_transform_translateX_effect_mobile&quot;:{&quot;unit&quot;:&quot;px&quot;,&quot;size&quot;:&quot;&quot;,&quot;sizes&quot;:[]}}\" data-widget_type=\"image.default\">\n\t\t\t\t<div class=\"elementor-widget-container\">\n\t\t\t\t\t\t\t\t\t\t\t\t\t\t\t<img fetchpriority=\"high\" decoding=\"async\" width=\"683\" height=\"1024\" src=\"https:\/\/fundacionwong.org\/wp-content\/uploads\/2025\/08\/contacto-683x1024.jpg\" class=\"attachment-large size-large wp-image-4341\" alt=\"\" srcset=\"https:\/\/fundacionwong.org\/wp-content\/uploads\/2025\/08\/contacto-683x1024.jpg 683w, https:\/\/fundacionwong.org\/wp-content\/uploads\/2025\/08\/contacto-200x300.jpg 200w, https:\/\/fundacionwong.org\/wp-content\/uploads\/2025\/08\/contacto-600x900.jpg 600w, https:\/\/fundacionwong.org\/wp-content\/uploads\/2025\/08\/contacto.jpg 737w\" sizes=\"(max-width: 683px) 100vw, 683px\" \/>\t\t\t\t\t\t\t\t\t\t\t\t\t\t\t<\/div>\n\t\t\t\t<\/div>\n\t\t\t\t<\/div>\n\t\t\t\t<\/div>\n\t\t\t\t<\/div>","protected":false},"excerpt":{"rendered":"<p>Cont\u00e1ctanos \u00bfTienes una consulta, propuesta o mensaje? Escr\u00edbenos a trav\u00e9s del siguiente formulario y nos pondremos en contacto contigo lo antes posible. Tambi\u00e9n puedes escribirnos a nuestro correo: contacto@fundacionwong.org.<\/p>","protected":false},"author":1,"featured_media":0,"parent":0,"menu_order":0,"comment_status":"closed","ping_status":"closed","template":"","meta":{"_acf_changed":false,"footnotes":""},"class_list":["post-125","page","type-page","status-publish","hentry"],"acf":[],"yoast_head":"<!-- This site is optimized with the Yoast SEO plugin v26.6 - https:\/\/yoast.com\/wordpress\/plugins\/seo\/ -->\r\n<title>Cont\u00e1ctanos - Fundaci\u00f3n Wong<\/title>\r\n<meta name=\"robots\" content=\"index, follow, max-snippet:-1, max-image-preview:large, max-video-preview:-1\" \/>\r\n<link rel=\"canonical\" href=\"https:\/\/fundacionwong.org\/en\/contactanos\/\" \/>\r\n<meta property=\"og:locale\" content=\"en_US\" \/>\r\n<meta property=\"og:type\" content=\"article\" \/>\r\n<meta property=\"og:title\" content=\"Cont\u00e1ctanos - Fundaci\u00f3n Wong\" \/>\r\n<meta property=\"og:description\" content=\"Cont\u00e1ctanos \u00bfTienes una consulta, propuesta o mensaje? Escr\u00edbenos a trav\u00e9s del siguiente formulario y nos pondremos en contacto contigo lo antes posible. Tambi\u00e9n puedes escribirnos a nuestro correo: contacto@fundacionwong.org.\" \/>\r\n<meta property=\"og:url\" content=\"https:\/\/fundacionwong.org\/en\/contactanos\/\" \/>\r\n<meta property=\"og:site_name\" content=\"Fundaci\u00f3n Wong\" \/>\r\n<meta property=\"article:publisher\" content=\"https:\/\/www.facebook.com\/fundacion.wong\" \/>\r\n<meta property=\"article:modified_time\" content=\"2025-10-05T04:33:52+00:00\" \/>\r\n<meta property=\"og:image\" content=\"https:\/\/fundacionwong.org\/wp-content\/uploads\/2025\/08\/contacto-683x1024.jpg\" \/>\r\n<meta name=\"twitter:card\" content=\"summary_large_image\" \/>\r\n<meta name=\"twitter:site\" content=\"@fundacionwong\" \/>\r\n<script type=\"application\/ld+json\" class=\"yoast-schema-graph\">{\"@context\":\"https:\/\/schema.org\",\"@graph\":[{\"@type\":\"WebPage\",\"@id\":\"https:\/\/fundacionwong.org\/contactanos\/\",\"url\":\"https:\/\/fundacionwong.org\/contactanos\/\",\"name\":\"Cont\u00e1ctanos - Fundaci\u00f3n Wong\",\"isPartOf\":{\"@id\":\"https:\/\/fundacionwong.org\/#website\"},\"primaryImageOfPage\":{\"@id\":\"https:\/\/fundacionwong.org\/contactanos\/#primaryimage\"},\"image\":{\"@id\":\"https:\/\/fundacionwong.org\/contactanos\/#primaryimage\"},\"thumbnailUrl\":\"https:\/\/fundacionwong.org\/wp-content\/uploads\/2025\/08\/contacto-683x1024.jpg\",\"datePublished\":\"2025-01-14T21:47:48+00:00\",\"dateModified\":\"2025-10-05T04:33:52+00:00\",\"breadcrumb\":{\"@id\":\"https:\/\/fundacionwong.org\/contactanos\/#breadcrumb\"},\"inLanguage\":\"en-US\",\"potentialAction\":[{\"@type\":\"ReadAction\",\"target\":[\"https:\/\/fundacionwong.org\/contactanos\/\"]}]},{\"@type\":\"ImageObject\",\"inLanguage\":\"en-US\",\"@id\":\"https:\/\/fundacionwong.org\/contactanos\/#primaryimage\",\"url\":\"https:\/\/fundacionwong.org\/wp-content\/uploads\/2025\/08\/contacto-683x1024.jpg\",\"contentUrl\":\"https:\/\/fundacionwong.org\/wp-content\/uploads\/2025\/08\/contacto-683x1024.jpg\"},{\"@type\":\"BreadcrumbList\",\"@id\":\"https:\/\/fundacionwong.org\/contactanos\/#breadcrumb\",\"itemListElement\":[{\"@type\":\"ListItem\",\"position\":1,\"name\":\"Portada\",\"item\":\"https:\/\/fundacionwong.org\/\"},{\"@type\":\"ListItem\",\"position\":2,\"name\":\"Cont\u00e1ctanos\"}]},{\"@type\":\"WebSite\",\"@id\":\"https:\/\/fundacionwong.org\/#website\",\"url\":\"https:\/\/fundacionwong.org\/\",\"name\":\"Fundaci\u00f3n Wong\",\"description\":\"\",\"publisher\":{\"@id\":\"https:\/\/fundacionwong.org\/#organization\"},\"potentialAction\":[{\"@type\":\"SearchAction\",\"target\":{\"@type\":\"EntryPoint\",\"urlTemplate\":\"https:\/\/fundacionwong.org\/?s={search_term_string}\"},\"query-input\":{\"@type\":\"PropertyValueSpecification\",\"valueRequired\":true,\"valueName\":\"search_term_string\"}}],\"inLanguage\":\"en-US\"},{\"@type\":\"Organization\",\"@id\":\"https:\/\/fundacionwong.org\/#organization\",\"name\":\"Fundaci\u00f3n Wong\",\"url\":\"https:\/\/fundacionwong.org\/\",\"logo\":{\"@type\":\"ImageObject\",\"inLanguage\":\"en-US\",\"@id\":\"https:\/\/fundacionwong.org\/#\/schema\/logo\/image\/\",\"url\":\"https:\/\/fundacionwong.org\/wp-content\/uploads\/2025\/05\/Component-6.png\",\"contentUrl\":\"https:\/\/fundacionwong.org\/wp-content\/uploads\/2025\/05\/Component-6.png\",\"width\":492,\"height\":492,\"caption\":\"Fundaci\u00f3n Wong\"},\"image\":{\"@id\":\"https:\/\/fundacionwong.org\/#\/schema\/logo\/image\/\"},\"sameAs\":[\"https:\/\/www.facebook.com\/fundacion.wong\",\"https:\/\/x.com\/fundacionwong\",\"https:\/\/www.youtube.com\/@fundacionwong\",\"https:\/\/www.linkedin.com\/company\/fundaci-n-wong\/\"]}]}<\/script>\r\n<!-- \/ Yoast SEO plugin. -->","yoast_head_json":{"title":"Cont\u00e1ctanos - Fundaci\u00f3n Wong","robots":{"index":"index","follow":"follow","max-snippet":"max-snippet:-1","max-image-preview":"max-image-preview:large","max-video-preview":"max-video-preview:-1"},"canonical":"https:\/\/fundacionwong.org\/en\/contactanos\/","og_locale":"en_US","og_type":"article","og_title":"Cont\u00e1ctanos - Fundaci\u00f3n Wong","og_description":"Cont\u00e1ctanos \u00bfTienes una consulta, propuesta o mensaje? Escr\u00edbenos a trav\u00e9s del siguiente formulario y nos pondremos en contacto contigo lo antes posible. Tambi\u00e9n puedes escribirnos a nuestro correo: contacto@fundacionwong.org.","og_url":"https:\/\/fundacionwong.org\/en\/contactanos\/","og_site_name":"Fundaci\u00f3n Wong","article_publisher":"https:\/\/www.facebook.com\/fundacion.wong","article_modified_time":"2025-10-05T04:33:52+00:00","og_image":[{"url":"https:\/\/fundacionwong.org\/wp-content\/uploads\/2025\/08\/contacto-683x1024.jpg","type":"","width":"","height":""}],"twitter_card":"summary_large_image","twitter_site":"@fundacionwong","schema":{"@context":"https:\/\/schema.org","@graph":[{"@type":"WebPage","@id":"https:\/\/fundacionwong.org\/contactanos\/","url":"https:\/\/fundacionwong.org\/contactanos\/","name":"Cont\u00e1ctanos - Fundaci\u00f3n Wong","isPartOf":{"@id":"https:\/\/fundacionwong.org\/#website"},"primaryImageOfPage":{"@id":"https:\/\/fundacionwong.org\/contactanos\/#primaryimage"},"image":{"@id":"https:\/\/fundacionwong.org\/contactanos\/#primaryimage"},"thumbnailUrl":"https:\/\/fundacionwong.org\/wp-content\/uploads\/2025\/08\/contacto-683x1024.jpg","datePublished":"2025-01-14T21:47:48+00:00","dateModified":"2025-10-05T04:33:52+00:00","breadcrumb":{"@id":"https:\/\/fundacionwong.org\/contactanos\/#breadcrumb"},"inLanguage":"en-US","potentialAction":[{"@type":"ReadAction","target":["https:\/\/fundacionwong.org\/contactanos\/"]}]},{"@type":"ImageObject","inLanguage":"en-US","@id":"https:\/\/fundacionwong.org\/contactanos\/#primaryimage","url":"https:\/\/fundacionwong.org\/wp-content\/uploads\/2025\/08\/contacto-683x1024.jpg","contentUrl":"https:\/\/fundacionwong.org\/wp-content\/uploads\/2025\/08\/contacto-683x1024.jpg"},{"@type":"BreadcrumbList","@id":"https:\/\/fundacionwong.org\/contactanos\/#breadcrumb","itemListElement":[{"@type":"ListItem","position":1,"name":"Portada","item":"https:\/\/fundacionwong.org\/"},{"@type":"ListItem","position":2,"name":"Cont\u00e1ctanos"}]},{"@type":"WebSite","@id":"https:\/\/fundacionwong.org\/#website","url":"https:\/\/fundacionwong.org\/","name":"Fundaci\u00f3n Wong","description":"","publisher":{"@id":"https:\/\/fundacionwong.org\/#organization"},"potentialAction":[{"@type":"SearchAction","target":{"@type":"EntryPoint","urlTemplate":"https:\/\/fundacionwong.org\/?s={search_term_string}"},"query-input":{"@type":"PropertyValueSpecification","valueRequired":true,"valueName":"search_term_string"}}],"inLanguage":"en-US"},{"@type":"Organization","@id":"https:\/\/fundacionwong.org\/#organization","name":"Fundaci\u00f3n Wong","url":"https:\/\/fundacionwong.org\/","logo":{"@type":"ImageObject","inLanguage":"en-US","@id":"https:\/\/fundacionwong.org\/#\/schema\/logo\/image\/","url":"https:\/\/fundacionwong.org\/wp-content\/uploads\/2025\/05\/Component-6.png","contentUrl":"https:\/\/fundacionwong.org\/wp-content\/uploads\/2025\/05\/Component-6.png","width":492,"height":492,"caption":"Fundaci\u00f3n Wong"},"image":{"@id":"https:\/\/fundacionwong.org\/#\/schema\/logo\/image\/"},"sameAs":["https:\/\/www.facebook.com\/fundacion.wong","https:\/\/x.com\/fundacionwong","https:\/\/www.youtube.com\/@fundacionwong","https:\/\/www.linkedin.com\/company\/fundaci-n-wong\/"]}]}},"_links":{"self":[{"href":"https:\/\/fundacionwong.org\/en\/wp-json\/wp\/v2\/pages\/125","targetHints":{"allow":["GET"]}}],"collection":[{"href":"https:\/\/fundacionwong.org\/en\/wp-json\/wp\/v2\/pages"}],"about":[{"href":"https:\/\/fundacionwong.org\/en\/wp-json\/wp\/v2\/types\/page"}],"author":[{"embeddable":true,"href":"https:\/\/fundacionwong.org\/en\/wp-json\/wp\/v2\/users\/1"}],"replies":[{"embeddable":true,"href":"https:\/\/fundacionwong.org\/en\/wp-json\/wp\/v2\/comments?post=125"}],"version-history":[{"count":87,"href":"https:\/\/fundacionwong.org\/en\/wp-json\/wp\/v2\/pages\/125\/revisions"}],"predecessor-version":[{"id":4855,"href":"https:\/\/fundacionwong.org\/en\/wp-json\/wp\/v2\/pages\/125\/revisions\/4855"}],"wp:attachment":[{"href":"https:\/\/fundacionwong.org\/en\/wp-json\/wp\/v2\/media?parent=125"}],"curies":[{"name":"wp","href":"https:\/\/api.w.org\/{rel}","templated":true}]}}